{"id":435,"date":"2016-12-01T16:05:01","date_gmt":"2016-12-01T15:05:01","guid":{"rendered":"http:\/\/www.bordadosartesanales.com\/wp\/?page_id=435"},"modified":"2016-12-05T19:06:11","modified_gmt":"2016-12-05T18:06:11","slug":"avis_legal","status":"publish","type":"page","link":"https:\/\/www.bordadosartesanales.com\/ca\/avis_legal\/","title":{"rendered":"Av\u00eds legal"},"content":{"rendered":"<p><strong>AV\u00cdS LEGAL<\/strong><\/p>\n<div class=\"post-content entry-content\">\n<p>El lloc web <a href=\"http:\/\/www.bordadosartesanales.com\">www.bordadosartesanales.com<\/a> \u00e9s propietat del L\u00eddia Guardiola Torres, amb CIF 43709645P, amb domicili social al Carrer Major, 84, CP 25007 de Lleida.<\/p>\n<p><strong>CONDICIONS D\u2019\u00daS<\/strong><br \/>\nEl present av\u00eds legal t\u00e9 com a objecte regular l\u2019acc\u00e9s per part de l\u2019usuari del lloc web <a href=\"http:\/\/www.bordadosartesanales.com\">www.bordadosartesanales.com<\/a>, als continguts i serveis proporcionats per BORDADOS ARTESANALES Y LENCERIA SANTA TERESA.<\/p>\n<p><strong>Contingut i \u00fas<br \/>\n<\/strong>La utilitzaci\u00f3 del lloc web per qualsevol persona li atribueix la condici\u00f3 d\u2019usuari i implica l\u2019acceptaci\u00f3 plena i sense reserves de totes i cadascuna de les condicions d\u2019\u00fas incloses en aquest av\u00eds legal, en el moment en qu\u00e8 l\u2019usuari n\u2019accedeixi.<\/p>\n<p>BORDADOS ARTESANALES Y LENCERIA SANTA TERESA es reserva el dret a modificar en qualsevol moment, i sense pr\u00e8via notificaci\u00f3, la presentaci\u00f3, configuraci\u00f3 i localitzaci\u00f3 del lloc web, aix\u00ed com els continguts, condicions i serveis que s\u2019ofereixin.<\/p>\n<p>BORDADOS ARTESANALES Y LENCERIA SANTA TERESA pot oferir a trav\u00e9s del web serveis o productes espec\u00edfics que es podran trobar sotmesos a unes condicions particulars pr\u00f2pies que, segons els casos, substitueixen, completen i\/o modifiquen les presents condicions. La utilitzaci\u00f3 d\u2019aquests serveis o productes implicar\u00e0 l\u2019acceptaci\u00f3 de les condicions particulars en ells especificades.<\/p>\n<p>L\u2019Usuari es compromet a fer un \u00fas adequat del lloc web i s\u2019obliga a no utilitzar la informaci\u00f3 continguda per inc\u00f3rrer en activitats que puguin \u00e9sser considerades il\u00b7l\u00edcites o contr\u00e0ries a la bona fe i a l\u2019ordenament legal, i, en general, a fer \u00fas conforme a les presents condicions generals.<\/p>\n<p><strong>Propietat intel\u00b7lectual i industrial<br \/>\n<\/strong>Tots els continguts del web <a href=\"http:\/\/www.bordadosartesanales.com\">www.bordadosartesanales.com<\/a>i, en especial, textos, imatges, disseny gr\u00e0fic, codi font, logotips i marques, s\u00f3n propietat de BORDADOS ARTESANALES Y LENCERIA SANTA TERESA o dels prove\u00efdors dels continguts, tenint, en aquest darrer cas, una llic\u00e8ncia o cessi\u00f3 per part d\u2019aquests, i estan emparats per la normativa reguladora de la Propietat intel\u00b7lectual i industrial.<\/p>\n<p>La recopilaci\u00f3, disseny, ordenaci\u00f3 i muntatge de tot el contingut del lloc web \u00e9s propietat exclusiva de BORDADOS ARTESANALES Y LENCERIA SANTA TERESA i est\u00e0 protegit per les normes nacionals i internacionals de propietat intel\u00b7lectual i industrial.<\/p>\n<p>En conseq\u00fc\u00e8ncia, queda prohibida tota reproducci\u00f3, c\u00f2pia, alteraci\u00f3, modificaci\u00f3, adaptaci\u00f3 o traducci\u00f3 per part de tercers i, en general, qualsevol altra forma d\u2019explotaci\u00f3, per qualsevol procediment, total o parcial dels continguts d\u2019aquest web sense autoritzaci\u00f3 expressa i per escrit del seu titular.<\/p>\n<p><strong>Publicitat<\/strong><br \/>\nEl lloc web pot albergar continguts publicitaris o estar patrocinat. Els anunciants i patrocinadors s\u00f3n els \u00fanics responsables de qu\u00e8 el material facilitat per a la seva inclusi\u00f3 compleixi amb les lleis que en cada cas puguin \u00e9sser d\u2019aplicaci\u00f3.<\/p>\n<p>BORDADOS ARTESANALES Y LENCERIA SANTA TERESA no ser\u00e0 responsable de cap error, inexactitud o irregularitat que puguin contenir els continguts publicitaris o els patrocinadors.<\/p>\n<p><strong>Pol\u00edtica de privacitat. Protecci\u00f3 de Dades<\/strong><br \/>\nEn compliment de la Llei Org\u00e0nica 15\/1999 de 13 de desembre de protecci\u00f3 de dades de car\u00e0cter personal (LOPD) l\u2019informem que les dades de car\u00e0cter personal que ens faciliti volunt\u00e0riament en aquest lloc web quedaran incorporades i seran tractades en els fitxers de BORDADOS ARTESANALES Y LENCERIA SANTA TERESA, amb la finalitat \u00fanicament d\u2019informar i atendre les seves demandes o b\u00e9 portar a terme la gesti\u00f3 sol\u00b7licitada.<\/p>\n<p>L\u2019usuari garanteix que les dades personals facilitades s\u00f3n certes i correctes i es compromet a comunicar qualsevol modificaci\u00f3.<\/p>\n<p>Podr\u00e0 exercir els seus drets d\u2019acc\u00e9s, rectificaci\u00f3, cancel\u00b7laci\u00f3 i oposici\u00f3, adre\u00e7ant-se per escrit a: BORDADOS ARTESANALES Y LENCERIA SANTA TERESA Carrer Major, 84, CP 25007 Lleida, o enviant un correu electr\u00f2nic a<a title=\"info@bordadosartesanales.com\" href=\"mailto:info@bordadosartesanales.com\"> info@bordadosartesanales.com<\/a>, amb el contingut concret del dret exercitat i amb la c\u00f2pia del document nacional d\u2019identitat o de qualsevol altra acreditaci\u00f3 amb validesa legal.<\/p>\n<p>La seva acceptaci\u00f3 al present av\u00eds legal suposa la prestaci\u00f3 del seu consentiment expr\u00e9s perqu\u00e8 BORDADOS ARTESANALES Y LENCERIA SANTA TERESA pugui remetre-li comunicacions publicit\u00e0ries o promocionals per correu electr\u00f2nic o un altre mitj\u00e0 de comunicaci\u00f3 equivalent, en els termes establerts per la Llei 34\/2002, de Serveis de la Societat de la Informaci\u00f3 i del Comer\u00e7 Electr\u00f2nic (LSSI). En cas de no estar interessat en rebre aquest tipus de comunicacions pot dirigir-se a BORDADOS ARTESANALES Y LENCERIA SANTA TERESA a l\u2019adre\u00e7a anteriorment indicada o al correu <a title=\"info@bordadosartesanales.com\" href=\"mailto:info@bordadosartesanales.com\">info@bordadosartesanales.com<\/a>, manifestant la seva voluntat.<\/p>\n<p>BORDADOS ARTESANALES Y LENCERIA SANTA TERESA es compromet al compliment de la seva obligaci\u00f3 de secret de les dades de car\u00e0cter personal i del seu deure de guardar-les de forma confidencial i adoptar\u00e0 les mesures necess\u00e0ries per evitar la seva alteraci\u00f3, p\u00e8rdua, tractament o acc\u00e9s no autoritzat, tenint en compte en tot moment l\u2019estat de la tecnologia.<\/p>\n<p><strong>Limitacions de responsabilitat<\/strong><\/p>\n<p><strong>Per l\u2019\u00fas i funcionament de la web<\/strong><br \/>\nEl lloc web <a href=\"http:\/\/www.bordadosartesanales.com\">www.bordadosartesanales.com<\/a> podria contenir inexactituds, omissions rellevants, imprecisions o errades. BORDADOS ARTESANALES Y LENCERIA SANTA TERESA no assumeix cap responsabilitat derivada de la falta de veracitat, integritat, actualitzaci\u00f3 i precisi\u00f3 de les dades o informacions contingudes en aquest lloc web, ni es responsabilitza de les decisions preses per l\u2019usuari a partir d\u2019aquestes, ni dels danys i perjudicis produ\u00efts per l\u2019usuari o a tercers.<\/p>\n<p>BORDADOS ARTESANALES Y LENCERIA SANTA TERESA manifesta que aquest lloc web disposa de la tecnologia adequada per permetre el seu acc\u00e9s i \u00fas. No obstant, BORDADOS ARTESANALES Y LENCERIA SANTA TERESA no pot garantir l\u2019abs\u00e8ncia de virus, cucs i altres elements nocius, introdu\u00efts per qualsevol mitj\u00e0 o per tercers, per la qual cosa no es responsabilitza pels eventuals danys i perjudicis que es puguin ocasionar als equips inform\u00e0tics. Correspon en aquest cas a l\u2019usuari la disponibilitat d\u2019eines adequades per a la detenci\u00f3 i desinfecci\u00f3 de programes inform\u00e0tics danyosos.<\/p>\n<p>Aquest lloc web no utilitza galetes (cookies) ni altres mitjans t\u00e8cnics que permetin identificar els usuaris, ni con\u00e8ixer dades relatives a la seva configuraci\u00f3.<\/p>\n<p><strong>Per la disponibilitat del servei<\/strong><br \/>\nL\u2019acc\u00e9s al portal requereix serveis i subministrament per part d\u2019altres prestadors de serveis de la societat de la informaci\u00f3, la fiabilitat, qualitat, continu\u00eftat i funcionament dels quals s\u2019escapa al control de BORDADOS ARTESANALES Y LENCERIA SANTA TERESA. Per conseg\u00fcent, els serveis prove\u00efts a trav\u00e9s del portal poden \u00e9sser suspesos, cancel\u00b7lats o inaccessibles en qualsevol moment. BORDADOS ARTESANALES Y LENCERIA SANTA TERESA no es responsabilitza dels danys i perjudicis de qualsevol tipus, produ\u00efts a l\u2019usuari, que portin a caigudes de la xarxa, suspensions, cancel\u00b7laci\u00f3 o interrupci\u00f3 del servei de la web durant la prestaci\u00f3 o amb car\u00e0cter previ.<\/p>\n<p><strong>Pels enlla\u00e7os o links:<\/strong><br \/>\nEl lloc web <a href=\"http:\/\/www.bordadosartesanales.com\">www.bordadosartesanales.com<\/a> inclou enlla\u00e7os o links que poden conduir l\u2019usuari a altres webs gestionades per tercers.<\/p>\n<p>Els titulars d\u2019altres llocs web que desitgin crear un enlla\u00e7 a <a href=\"http:\/\/www.bordadosartesanales.com\">www.bordadosartesanales.com<\/a> es comprometen a no realitzar manifestacions falses, inexactes o incorrectes, que puguin induir a error, o en general, que siguin contr\u00e0ries a les lleis.<\/p>\n<p>Aix\u00ed mateix, es comprometen a no establir hipervincles amb altres llocs web amb contingut, manifestacions o propaganda de car\u00e0cter racista, xen\u00f2foba, pornogr\u00e0fica, d\u2019apologia del terrorisme i, en general, que puguin perjudicar el bon nom o la imatge de BORDADOS ARTESANALES Y LENCERIA SANTA TERESA.<\/p>\n<p>La pres\u00e8ncia de links o enlla\u00e7os nom\u00e9s t\u00e9 una finalitat informativa, per la qual cosa BORDADOS ARTESANALES Y LENCERIA SANTA TERESA no es responsabilitza ni atorga cap garantia respecte la legalitat, idone\u00eftat, qualitat, caracter\u00edstiques, proced\u00e8ncia, comercialitzaci\u00f3 o qualsevol altre aspecte de les informacions i\/o productes i\/o serveis que ofereixin a trav\u00e9s d\u2019aquest lloc web.<\/p>\n<p>La inclusi\u00f3 de links o enlla\u00e7os no implica en cap cas l\u2019exist\u00e8ncia de relacions entre BORDADOS ARTESANALES Y LENCERIA SANTA TERESA i el titular del lloc web enlla\u00e7at, com tampoc l\u2019acceptaci\u00f3 i aprovaci\u00f3 per part de\u00a0BORDADOS ARTESANALES Y LENCERIA SANTA TERESA dels seus continguts i\/o serveis, essent el seu propietari l\u2019\u00fanic responsable.<\/p>\n<p><strong>Legislaci\u00f3 aplicable i Jurisdicci\u00f3<\/strong><br \/>\nLes presents condicions d\u2019\u00fas i la resta de condicions legals es regeixen per la legislaci\u00f3 i jurisdicci\u00f3 espanyola i catalana.<\/p>\n<p>Per a qualsevol litigi que se\u2019n pugui derivar, amb ren\u00fancia expressa a qualsevol altre fur que els pogu\u00e9s correspondre, es sotmeten als Jutjats i Tribunals de Lleida.<\/p>\n<\/div>\n","protected":false},"excerpt":{"rendered":"<p>AV\u00cdS LEGAL El lloc web www.bordadosartesanales.com \u00e9s propietat del L\u00eddia Guardiola Torres, amb CIF 43709645P, amb domicili social al Carrer Major, 84, CP 25007 de Lleida. CONDICIONS D\u2019\u00daS El present av\u00eds legal t\u00e9 com a objecte regular l\u2019acc\u00e9s per part de l\u2019usuari del lloc web www.bordadosartesanales.com, als continguts i serveis proporcionats per BORDADOS ARTESANALES Y [&hellip;]<\/p>\n","protected":false},"author":1,"featured_media":0,"parent":0,"menu_order":10,"comment_status":"closed","ping_status":"closed","template":"","meta":{"_et_pb_use_builder":"","_et_pb_old_content":"","_et_gb_content_width":""},"yoast_head":"<!-- This site is optimized with the Yoast SEO plugin v19.13 - https:\/\/yoast.com\/wordpress\/plugins\/seo\/ -->\n<title>Av\u00eds legal - Bordados Santa Teresa<\/title>\n<meta name=\"robots\" content=\"index, follow, max-snippet:-1, max-image-preview:large, max-video-preview:-1\" \/>\n<link rel=\"canonical\" href=\"https:\/\/www.bordadosartesanales.com\/ca\/avis_legal\/\" \/>\n<meta property=\"og:locale\" content=\"ca_ES\" \/>\n<meta property=\"og:type\" content=\"article\" \/>\n<meta property=\"og:title\" content=\"Av\u00eds legal - Bordados Santa Teresa\" \/>\n<meta property=\"og:description\" content=\"AV\u00cdS LEGAL El lloc web www.bordadosartesanales.com \u00e9s propietat del L\u00eddia Guardiola Torres, amb CIF 43709645P, amb domicili social al Carrer Major, 84, CP 25007 de Lleida. CONDICIONS D\u2019\u00daS El present av\u00eds legal t\u00e9 com a objecte regular l\u2019acc\u00e9s per part de l\u2019usuari del lloc web www.bordadosartesanales.com, als continguts i serveis proporcionats per BORDADOS ARTESANALES Y [&hellip;]\" \/>\n<meta property=\"og:url\" content=\"https:\/\/www.bordadosartesanales.com\/ca\/avis_legal\/\" \/>\n<meta property=\"og:site_name\" content=\"Bordados Santa Teresa\" \/>\n<meta property=\"article:modified_time\" content=\"2016-12-05T18:06:11+00:00\" \/>\n<meta name=\"twitter:card\" content=\"summary_large_image\" \/>\n<meta name=\"twitter:label1\" content=\"Temps estimat de lectura\" \/>\n\t<meta name=\"twitter:data1\" content=\"7 minuts\" \/>\n<script type=\"application\/ld+json\" class=\"yoast-schema-graph\">{\"@context\":\"https:\/\/schema.org\",\"@graph\":[{\"@type\":\"WebPage\",\"@id\":\"https:\/\/www.bordadosartesanales.com\/ca\/avis_legal\/\",\"url\":\"https:\/\/www.bordadosartesanales.com\/ca\/avis_legal\/\",\"name\":\"Av\u00eds legal - Bordados Santa Teresa\",\"isPartOf\":{\"@id\":\"https:\/\/www.bordadosartesanales.com\/#website\"},\"datePublished\":\"2016-12-01T15:05:01+00:00\",\"dateModified\":\"2016-12-05T18:06:11+00:00\",\"breadcrumb\":{\"@id\":\"https:\/\/www.bordadosartesanales.com\/ca\/avis_legal\/#breadcrumb\"},\"inLanguage\":\"ca\",\"potentialAction\":[{\"@type\":\"ReadAction\",\"target\":[\"https:\/\/www.bordadosartesanales.com\/ca\/avis_legal\/\"]}]},{\"@type\":\"BreadcrumbList\",\"@id\":\"https:\/\/www.bordadosartesanales.com\/ca\/avis_legal\/#breadcrumb\",\"itemListElement\":[{\"@type\":\"ListItem\",\"position\":1,\"name\":\"Portada\",\"item\":\"https:\/\/www.bordadosartesanales.com\/ca\/\"},{\"@type\":\"ListItem\",\"position\":2,\"name\":\"Av\u00eds legal\"}]},{\"@type\":\"WebSite\",\"@id\":\"https:\/\/www.bordadosartesanales.com\/#website\",\"url\":\"https:\/\/www.bordadosartesanales.com\/\",\"name\":\"Bordados Santa Teresa\",\"description\":\"Otro sitio realizado con WordPress\",\"potentialAction\":[{\"@type\":\"SearchAction\",\"target\":{\"@type\":\"EntryPoint\",\"urlTemplate\":\"https:\/\/www.bordadosartesanales.com\/?s={search_term_string}\"},\"query-input\":\"required name=search_term_string\"}],\"inLanguage\":\"ca\"}]}<\/script>\n<!-- \/ Yoast SEO plugin. -->","yoast_head_json":{"title":"Av\u00eds legal - Bordados Santa Teresa","robots":{"index":"index","follow":"follow","max-snippet":"max-snippet:-1","max-image-preview":"max-image-preview:large","max-video-preview":"max-video-preview:-1"},"canonical":"https:\/\/www.bordadosartesanales.com\/ca\/avis_legal\/","og_locale":"ca_ES","og_type":"article","og_title":"Av\u00eds legal - Bordados Santa Teresa","og_description":"AV\u00cdS LEGAL El lloc web www.bordadosartesanales.com \u00e9s propietat del L\u00eddia Guardiola Torres, amb CIF 43709645P, amb domicili social al Carrer Major, 84, CP 25007 de Lleida. CONDICIONS D\u2019\u00daS El present av\u00eds legal t\u00e9 com a objecte regular l\u2019acc\u00e9s per part de l\u2019usuari del lloc web www.bordadosartesanales.com, als continguts i serveis proporcionats per BORDADOS ARTESANALES Y [&hellip;]","og_url":"https:\/\/www.bordadosartesanales.com\/ca\/avis_legal\/","og_site_name":"Bordados Santa Teresa","article_modified_time":"2016-12-05T18:06:11+00:00","twitter_card":"summary_large_image","twitter_misc":{"Temps estimat de lectura":"7 minuts"},"schema":{"@context":"https:\/\/schema.org","@graph":[{"@type":"WebPage","@id":"https:\/\/www.bordadosartesanales.com\/ca\/avis_legal\/","url":"https:\/\/www.bordadosartesanales.com\/ca\/avis_legal\/","name":"Av\u00eds legal - Bordados Santa Teresa","isPartOf":{"@id":"https:\/\/www.bordadosartesanales.com\/#website"},"datePublished":"2016-12-01T15:05:01+00:00","dateModified":"2016-12-05T18:06:11+00:00","breadcrumb":{"@id":"https:\/\/www.bordadosartesanales.com\/ca\/avis_legal\/#breadcrumb"},"inLanguage":"ca","potentialAction":[{"@type":"ReadAction","target":["https:\/\/www.bordadosartesanales.com\/ca\/avis_legal\/"]}]},{"@type":"BreadcrumbList","@id":"https:\/\/www.bordadosartesanales.com\/ca\/avis_legal\/#breadcrumb","itemListElement":[{"@type":"ListItem","position":1,"name":"Portada","item":"https:\/\/www.bordadosartesanales.com\/ca\/"},{"@type":"ListItem","position":2,"name":"Av\u00eds legal"}]},{"@type":"WebSite","@id":"https:\/\/www.bordadosartesanales.com\/#website","url":"https:\/\/www.bordadosartesanales.com\/","name":"Bordados Santa Teresa","description":"Otro sitio realizado con WordPress","potentialAction":[{"@type":"SearchAction","target":{"@type":"EntryPoint","urlTemplate":"https:\/\/www.bordadosartesanales.com\/?s={search_term_string}"},"query-input":"required name=search_term_string"}],"inLanguage":"ca"}]}},"_links":{"self":[{"href":"https:\/\/www.bordadosartesanales.com\/ca\/wp-json\/wp\/v2\/pages\/435"}],"collection":[{"href":"https:\/\/www.bordadosartesanales.com\/ca\/wp-json\/wp\/v2\/pages"}],"about":[{"href":"https:\/\/www.bordadosartesanales.com\/ca\/wp-json\/wp\/v2\/types\/page"}],"author":[{"embeddable":true,"href":"https:\/\/www.bordadosartesanales.com\/ca\/wp-json\/wp\/v2\/users\/1"}],"replies":[{"embeddable":true,"href":"https:\/\/www.bordadosartesanales.com\/ca\/wp-json\/wp\/v2\/comments?post=435"}],"version-history":[{"count":0,"href":"https:\/\/www.bordadosartesanales.com\/ca\/wp-json\/wp\/v2\/pages\/435\/revisions"}],"wp:attachment":[{"href":"https:\/\/www.bordadosartesanales.com\/ca\/wp-json\/wp\/v2\/media?parent=435"}],"curies":[{"name":"wp","href":"https:\/\/api.w.org\/{rel}","templated":true}]}}