{"id":415,"date":"2016-11-29T21:45:01","date_gmt":"2016-11-29T20:45:01","guid":{"rendered":"http:\/\/www.bordadosartesanales.com\/wp\/?page_id=415"},"modified":"2016-12-05T17:59:13","modified_gmt":"2016-12-05T16:59:13","slug":"brodats-santa-teresa","status":"publish","type":"page","link":"https:\/\/www.bordadosartesanales.com\/ca\/brodats-santa-teresa\/","title":{"rendered":"Brodats Santa Teresa"},"content":{"rendered":"<p>[et_pb_section admin_label=&#8221;Secci\u00f3n&#8221; fullwidth=&#8221;on&#8221; specialty=&#8221;off&#8221; transparent_background=&#8221;off&#8221; background_color=&#8221;#ebf5f1&#8243; allow_player_pause=&#8221;off&#8221; inner_shadow=&#8221;off&#8221; parallax=&#8221;off&#8221; parallax_method=&#8221;off&#8221; padding_mobile=&#8221;off&#8221; make_fullwidth=&#8221;off&#8221; use_custom_width=&#8221;off&#8221; width_unit=&#8221;on&#8221; make_equal=&#8221;off&#8221; use_custom_gutter=&#8221;off&#8221; custom_css_after=&#8221;content: %22%22;||background: url(&#8216;http:\/\/www.bordadosartesanales.com\/wp-content\/uploads\/flor1.png&#8217;) repeat;||top: 0;||left: 0;||bottom: 0;||right: 0;||position: absolute;||z-index: 1;||&#8221;][et_pb_fullwidth_post_title admin_label=&#8221;T\u00edtulo de publicaci\u00f3n de anchura completa&#8221; title=&#8221;on&#8221; meta=&#8221;off&#8221; author=&#8221;on&#8221; date=&#8221;on&#8221; categories=&#8221;on&#8221; comments=&#8221;on&#8221; featured_image=&#8221;off&#8221; featured_placement=&#8221;below&#8221; parallax_effect=&#8221;on&#8221; parallax_method=&#8221;on&#8221; text_orientation=&#8221;left&#8221; text_color=&#8221;dark&#8221; text_background=&#8221;off&#8221; text_bg_color=&#8221;rgba(255,255,255,0.9)&#8221; module_bg_color=&#8221;#ebf5f1&#8243; title_all_caps=&#8221;off&#8221; use_border_color=&#8221;off&#8221; border_color=&#8221;#ffffff&#8221; border_style=&#8221;solid&#8221; title_font_size=&#8221;36px&#8221; custom_margin=&#8221;-70px|||&#8221; custom_padding=&#8221;||10px|&#8221; title_text_color=&#8221;#77a19c&#8221;] [\/et_pb_fullwidth_post_title][\/et_pb_section][et_pb_section admin_label=&#8221;Secci\u00f3n&#8221; fullwidth=&#8221;off&#8221; specialty=&#8221;on&#8221;][et_pb_column type=&#8221;1_4&#8243;][et_pb_image admin_label=&#8221;Imagen&#8221; src=&#8221;http:\/\/www.bordadosartesanales.com\/wp-content\/uploads\/etiqueta-brodats.png&#8221; show_in_lightbox=&#8221;off&#8221; url_new_window=&#8221;off&#8221; use_overlay=&#8221;off&#8221; animation=&#8221;left&#8221; sticky=&#8221;off&#8221; align=&#8221;left&#8221; force_fullwidth=&#8221;off&#8221; always_center_on_mobile=&#8221;on&#8221; use_border_color=&#8221;off&#8221; border_color=&#8221;#ffffff&#8221; border_style=&#8221;solid&#8221;] [\/et_pb_image][\/et_pb_column][et_pb_column type=&#8221;3_4&#8243; specialty_columns=&#8221;3&#8243;][et_pb_row_inner admin_label=&#8221;Fila&#8221;][et_pb_column_inner type=&#8221;4_4&#8243; saved_specialty_column_type=&#8221;3_4&#8243;][et_pb_divider admin_label=&#8221;Separador&#8221; color=&#8221;#ffffff&#8221; show_divider=&#8221;off&#8221; height=&#8221;30&#8243; divider_style=&#8221;solid&#8221; divider_position=&#8221;top&#8221; hide_on_mobile=&#8221;on&#8221;] [\/et_pb_divider][et_pb_text admin_label=&#8221;Texto&#8221; background_layout=&#8221;light&#8221; text_orientation=&#8221;left&#8221; text_text_color=&#8221;#77a19c&#8221; use_border_color=&#8221;off&#8221; border_color=&#8221;#ffffff&#8221; border_style=&#8221;solid&#8221; text_font_size=&#8221;28&#8243; text_font=&#8221;Dancing Script|on|||&#8221; text_line_height=&#8221;1.8em&#8221;]<\/p>\n<p><span id=\"result_box\" class=\"\" lang=\"ca\" tabindex=\"-1\">Brodats Artesanals i Llenceria Santa Teresa es va fundar el 1965, i ha estat produint brodats de gran qualitat per als seus clients des d&#8217;aleshores.<\/span><\/p>\n<p><span id=\"result_box\" class=\"\" lang=\"ca\" tabindex=\"-1\"><span class=\"\">Estem<\/span> ubicats a Lleida, en un acollidor establiment de l&#8217;Eix Comercial de la ciutat.<\/span><\/p>\n<p>A <span class=\"\">Brodats<\/span> Artesanals i Llenceria Santa Teresa realitzem tot tipus de brodats per <span class=\"\">enc\u00e0rrec,<\/span> us oferim un tracte personalitzat i expert on us aconsellarem sobre teixits<span class=\"\">, acabats,<\/span> idees &#8230;<\/p>\n<p>Tamb\u00e9 trobareu una acurada selecci\u00f3 de llen\u00e7ols, v\u00e0noves, coixins, tovalloles<span class=\"\">, estovalles,<\/span> mocadors, tapets, roba per a nad\u00f3 com bolquers, pitets, faldons, camisoles i <span class=\"\">tot tipus<\/span> de complements per a fer de la teva llar un espai personal, \u00edntim i elegant.<\/p>\n<p>[\/et_pb_text][\/et_pb_column_inner][\/et_pb_row_inner][\/et_pb_column][\/et_pb_section][et_pb_section admin_label=&#8221;Secci\u00f3n&#8221; global_module=&#8221;491&#8243; fullwidth=&#8221;off&#8221; specialty=&#8221;off&#8221; transparent_background=&#8221;off&#8221; background_color=&#8221;#f2efdf&#8221; allow_player_pause=&#8221;off&#8221; inner_shadow=&#8221;off&#8221; parallax=&#8221;off&#8221; parallax_method=&#8221;off&#8221; padding_mobile=&#8221;off&#8221; make_fullwidth=&#8221;off&#8221; use_custom_width=&#8221;off&#8221; width_unit=&#8221;on&#8221; make_equal=&#8221;off&#8221; use_custom_gutter=&#8221;off&#8221;][et_pb_row global_parent=&#8221;491&#8243; admin_label=&#8221;Fila&#8221;][et_pb_column type=&#8221;1_3&#8243;][et_pb_text global_parent=&#8221;491&#8243; admin_label=&#8221;Texto&#8221; background_layout=&#8221;light&#8221; text_orientation=&#8221;left&#8221; use_border_color=&#8221;off&#8221; border_color=&#8221;#ffffff&#8221; border_style=&#8221;solid&#8221; custom_margin=&#8221;|||20px&#8221; header_text_color=&#8221;#77a19c&#8221; text_text_color=&#8221;#77a19c&#8221; text_font=&#8221;Dancing Script|on|||&#8221; text_font_size=&#8221;24&#8243;]<\/p>\n<p>Mapa de Google<\/p>\n<p>[\/et_pb_text][et_pb_divider global_parent=&#8221;491&#8243; admin_label=&#8221;Separador 10&#8243; color=&#8221;#77a19c&#8221; show_divider=&#8221;off&#8221; divider_style=&#8221;dotted&#8221; divider_position=&#8221;center&#8221; hide_on_mobile=&#8221;on&#8221; height=&#8221;10&#8243;] [\/et_pb_divider][et_pb_divider global_parent=&#8221;491&#8243; admin_label=&#8221;Separador&#8221; color=&#8221;#77a19c&#8221; show_divider=&#8221;on&#8221; divider_style=&#8221;dotted&#8221; divider_position=&#8221;center&#8221; hide_on_mobile=&#8221;on&#8221;] [\/et_pb_divider][et_pb_divider global_parent=&#8221;491&#8243; admin_label=&#8221;Separador 10&#8243; color=&#8221;#77a19c&#8221; show_divider=&#8221;off&#8221; divider_style=&#8221;dotted&#8221; divider_position=&#8221;center&#8221; hide_on_mobile=&#8221;on&#8221; height=&#8221;10&#8243;] [\/et_pb_divider][et_pb_map global_parent=&#8221;491&#8243; admin_label=&#8221;Mapa&#8221; mouse_wheel=&#8221;on&#8221; mobile_dragging=&#8221;on&#8221; use_grayscale_filter=&#8221;off&#8221; grayscale_filter_amount=&#8221;0&#8243; address=&#8221;L\u00e9rida, Espa\u00f1a&#8221; zoom_level=&#8221;17&#8243; address_lat=&#8221;41.6132184071206&#8243; address_lng=&#8221;0.6239976803871095&#8243;] [et_pb_map_pin title=&#8221;Brodats Artesanals Santa Teresa&#8221; pin_address=&#8221;Carrer Major, 84, 25007 Lleida, Espa\u00f1a&#8221; pin_address_lat=&#8221;41.613038&#8243; pin_address_lng=&#8221;0.6237873999999692&#8243;] [\/et_pb_map_pin] [\/et_pb_map][\/et_pb_column][et_pb_column type=&#8221;1_3&#8243;][et_pb_text global_parent=&#8221;491&#8243; admin_label=&#8221;Texto&#8221; background_layout=&#8221;light&#8221; text_orientation=&#8221;left&#8221; use_border_color=&#8221;off&#8221; border_color=&#8221;#ffffff&#8221; border_style=&#8221;solid&#8221; custom_margin=&#8221;|||20px&#8221; header_text_color=&#8221;#77a19c&#8221; text_text_color=&#8221;#77a19c&#8221; text_font=&#8221;Dancing Script|on|||&#8221; text_font_size=&#8221;24&#8243;]<\/p>\n<p>On estem?<\/p>\n<p>[\/et_pb_text][et_pb_divider global_parent=&#8221;491&#8243; admin_label=&#8221;Separador 10&#8243; color=&#8221;#77a19c&#8221; show_divider=&#8221;off&#8221; divider_style=&#8221;dotted&#8221; divider_position=&#8221;center&#8221; hide_on_mobile=&#8221;on&#8221; height=&#8221;10&#8243;] [\/et_pb_divider][et_pb_divider global_parent=&#8221;491&#8243; admin_label=&#8221;Separador&#8221; color=&#8221;#77a19c&#8221; show_divider=&#8221;on&#8221; divider_style=&#8221;dotted&#8221; divider_position=&#8221;center&#8221; hide_on_mobile=&#8221;on&#8221;] [\/et_pb_divider][et_pb_divider global_parent=&#8221;491&#8243; admin_label=&#8221;Separador 10&#8243; color=&#8221;#77a19c&#8221; show_divider=&#8221;off&#8221; divider_style=&#8221;dotted&#8221; divider_position=&#8221;center&#8221; hide_on_mobile=&#8221;on&#8221; height=&#8221;10&#8243;] [\/et_pb_divider][et_pb_text global_parent=&#8221;491&#8243; admin_label=&#8221;Texto&#8221; background_layout=&#8221;light&#8221; text_orientation=&#8221;left&#8221; use_border_color=&#8221;off&#8221; border_color=&#8221;#ffffff&#8221; border_style=&#8221;solid&#8221; custom_margin=&#8221;|||20px&#8221; header_text_color=&#8221;#77a19c&#8221; text_text_color=&#8221;#77a19c&#8221;]<\/p>\n<p>Carrer Major, 84<br \/>\n25007 Lleida<br \/>\nTel\u00e9fono 973 27 17 52<\/p>\n<div class=\"textwidget\">\n<p><a title=\"info@bordadosartesanales.com\" href=\"mailto:info@bordadosartesanales.com\">info@bordadosartesanales.com<\/a><\/p>\n<\/div>\n<p>[\/et_pb_text][\/et_pb_column][et_pb_column type=&#8221;1_3&#8243;][et_pb_text global_parent=&#8221;491&#8243; admin_label=&#8221;Texto&#8221; background_layout=&#8221;light&#8221; text_orientation=&#8221;left&#8221; use_border_color=&#8221;off&#8221; border_color=&#8221;#ffffff&#8221; border_style=&#8221;solid&#8221; custom_margin=&#8221;|||20px&#8221; header_text_color=&#8221;#77a19c&#8221; text_text_color=&#8221;#77a19c&#8221; text_font=&#8221;Dancing Script|on|||&#8221; text_font_size=&#8221;24&#8243;]<\/p>\n<p>Llocs d&#8217;inter\u00e8s<\/p>\n<p>[\/et_pb_text][et_pb_divider global_parent=&#8221;491&#8243; admin_label=&#8221;Separador 10&#8243; color=&#8221;#77a19c&#8221; show_divider=&#8221;off&#8221; divider_style=&#8221;dotted&#8221; divider_position=&#8221;center&#8221; hide_on_mobile=&#8221;on&#8221; height=&#8221;10&#8243;] [\/et_pb_divider][et_pb_divider global_parent=&#8221;491&#8243; admin_label=&#8221;Separador&#8221; color=&#8221;#77a19c&#8221; show_divider=&#8221;on&#8221; divider_style=&#8221;dotted&#8221; divider_position=&#8221;center&#8221; hide_on_mobile=&#8221;on&#8221;] [\/et_pb_divider][et_pb_divider global_parent=&#8221;491&#8243; admin_label=&#8221;Separador 10&#8243; color=&#8221;#77a19c&#8221; show_divider=&#8221;off&#8221; divider_style=&#8221;dotted&#8221; divider_position=&#8221;center&#8221; hide_on_mobile=&#8221;on&#8221; height=&#8221;10&#8243;] [\/et_pb_divider][et_pb_text global_parent=&#8221;491&#8243; admin_label=&#8221;Texto&#8221; background_layout=&#8221;light&#8221; text_orientation=&#8221;left&#8221; use_border_color=&#8221;off&#8221; border_color=&#8221;#ffffff&#8221; border_style=&#8221;solid&#8221; header_text_color=&#8221;#77a19c&#8221; text_text_color=&#8221;#77a19c&#8221;]<\/p>\n<ul>\n<li><a href=\"http:\/\/www.cellerdelroser.com\/\" target=\"_blank\">Celler del Roser<\/a><\/li>\n<li><a href=\"http:\/\/www.dmc-es.com\/Products.aspx\" target=\"_blank\">DMC<\/a><\/li>\n<li><a href=\"http:\/\/www.tangram3.com\/\" target=\"_blank\">T\u00e0ngram3, disseny i publicitat<\/a><\/li>\n<\/ul>\n<p>[\/et_pb_text][\/et_pb_column][\/et_pb_row][\/et_pb_section]<\/p>\n","protected":false},"excerpt":{"rendered":"<p>Brodats Santa Teresa Brodats Artesanals i Llenceria Santa Teresa es va fundar el 1965, i ha estat produint brodats de gran qualitat per als seus clients des d&#8217;aleshores. Estem ubicats a Lleida, en un acollidor establiment de l&#8217;Eix Comercial de la ciutat. A Brodats Artesanals i Llenceria Santa Teresa realitzem tot tipus de brodats per [&hellip;]<\/p>\n","protected":false},"author":1,"featured_media":0,"parent":0,"menu_order":1,"comment_status":"closed","ping_status":"closed","template":"","meta":{"_et_pb_use_builder":"on","_et_pb_old_content":"","_et_gb_content_width":""},"yoast_head":"<!-- This site is optimized with the Yoast SEO plugin v19.13 - https:\/\/yoast.com\/wordpress\/plugins\/seo\/ -->\n<title>Brodats Santa Teresa - Bordados Santa Teresa<\/title>\n<meta name=\"robots\" content=\"index, follow, max-snippet:-1, max-image-preview:large, max-video-preview:-1\" \/>\n<link rel=\"canonical\" href=\"https:\/\/www.bordadosartesanales.com\/ca\/brodats-santa-teresa\/\" \/>\n<meta property=\"og:locale\" content=\"ca_ES\" \/>\n<meta property=\"og:type\" content=\"article\" \/>\n<meta property=\"og:title\" content=\"Brodats Santa Teresa - Bordados Santa Teresa\" \/>\n<meta property=\"og:description\" content=\"Brodats Santa Teresa Brodats Artesanals i Llenceria Santa Teresa es va fundar el 1965, i ha estat produint brodats de gran qualitat per als seus clients des d&#8217;aleshores. Estem ubicats a Lleida, en un acollidor establiment de l&#8217;Eix Comercial de la ciutat. A Brodats Artesanals i Llenceria Santa Teresa realitzem tot tipus de brodats per [&hellip;]\" \/>\n<meta property=\"og:url\" content=\"https:\/\/www.bordadosartesanales.com\/ca\/brodats-santa-teresa\/\" \/>\n<meta property=\"og:site_name\" content=\"Bordados Santa Teresa\" \/>\n<meta property=\"article:modified_time\" content=\"2016-12-05T16:59:13+00:00\" \/>\n<meta name=\"twitter:card\" content=\"summary_large_image\" \/>\n<meta name=\"twitter:label1\" content=\"Temps estimat de lectura\" \/>\n\t<meta name=\"twitter:data1\" content=\"5 minuts\" \/>\n<script type=\"application\/ld+json\" class=\"yoast-schema-graph\">{\"@context\":\"https:\/\/schema.org\",\"@graph\":[{\"@type\":\"WebPage\",\"@id\":\"https:\/\/www.bordadosartesanales.com\/ca\/brodats-santa-teresa\/\",\"url\":\"https:\/\/www.bordadosartesanales.com\/ca\/brodats-santa-teresa\/\",\"name\":\"Brodats Santa Teresa - Bordados Santa Teresa\",\"isPartOf\":{\"@id\":\"https:\/\/www.bordadosartesanales.com\/#website\"},\"datePublished\":\"2016-11-29T20:45:01+00:00\",\"dateModified\":\"2016-12-05T16:59:13+00:00\",\"breadcrumb\":{\"@id\":\"https:\/\/www.bordadosartesanales.com\/ca\/brodats-santa-teresa\/#breadcrumb\"},\"inLanguage\":\"ca\",\"potentialAction\":[{\"@type\":\"ReadAction\",\"target\":[\"https:\/\/www.bordadosartesanales.com\/ca\/brodats-santa-teresa\/\"]}]},{\"@type\":\"BreadcrumbList\",\"@id\":\"https:\/\/www.bordadosartesanales.com\/ca\/brodats-santa-teresa\/#breadcrumb\",\"itemListElement\":[{\"@type\":\"ListItem\",\"position\":1,\"name\":\"Portada\",\"item\":\"https:\/\/www.bordadosartesanales.com\/ca\/\"},{\"@type\":\"ListItem\",\"position\":2,\"name\":\"Brodats Santa Teresa\"}]},{\"@type\":\"WebSite\",\"@id\":\"https:\/\/www.bordadosartesanales.com\/#website\",\"url\":\"https:\/\/www.bordadosartesanales.com\/\",\"name\":\"Bordados Santa Teresa\",\"description\":\"Otro sitio realizado con WordPress\",\"potentialAction\":[{\"@type\":\"SearchAction\",\"target\":{\"@type\":\"EntryPoint\",\"urlTemplate\":\"https:\/\/www.bordadosartesanales.com\/?s={search_term_string}\"},\"query-input\":\"required name=search_term_string\"}],\"inLanguage\":\"ca\"}]}<\/script>\n<!-- \/ Yoast SEO plugin. -->","yoast_head_json":{"title":"Brodats Santa Teresa - Bordados Santa Teresa","robots":{"index":"index","follow":"follow","max-snippet":"max-snippet:-1","max-image-preview":"max-image-preview:large","max-video-preview":"max-video-preview:-1"},"canonical":"https:\/\/www.bordadosartesanales.com\/ca\/brodats-santa-teresa\/","og_locale":"ca_ES","og_type":"article","og_title":"Brodats Santa Teresa - Bordados Santa Teresa","og_description":"Brodats Santa Teresa Brodats Artesanals i Llenceria Santa Teresa es va fundar el 1965, i ha estat produint brodats de gran qualitat per als seus clients des d&#8217;aleshores. Estem ubicats a Lleida, en un acollidor establiment de l&#8217;Eix Comercial de la ciutat. A Brodats Artesanals i Llenceria Santa Teresa realitzem tot tipus de brodats per [&hellip;]","og_url":"https:\/\/www.bordadosartesanales.com\/ca\/brodats-santa-teresa\/","og_site_name":"Bordados Santa Teresa","article_modified_time":"2016-12-05T16:59:13+00:00","twitter_card":"summary_large_image","twitter_misc":{"Temps estimat de lectura":"5 minuts"},"schema":{"@context":"https:\/\/schema.org","@graph":[{"@type":"WebPage","@id":"https:\/\/www.bordadosartesanales.com\/ca\/brodats-santa-teresa\/","url":"https:\/\/www.bordadosartesanales.com\/ca\/brodats-santa-teresa\/","name":"Brodats Santa Teresa - Bordados Santa Teresa","isPartOf":{"@id":"https:\/\/www.bordadosartesanales.com\/#website"},"datePublished":"2016-11-29T20:45:01+00:00","dateModified":"2016-12-05T16:59:13+00:00","breadcrumb":{"@id":"https:\/\/www.bordadosartesanales.com\/ca\/brodats-santa-teresa\/#breadcrumb"},"inLanguage":"ca","potentialAction":[{"@type":"ReadAction","target":["https:\/\/www.bordadosartesanales.com\/ca\/brodats-santa-teresa\/"]}]},{"@type":"BreadcrumbList","@id":"https:\/\/www.bordadosartesanales.com\/ca\/brodats-santa-teresa\/#breadcrumb","itemListElement":[{"@type":"ListItem","position":1,"name":"Portada","item":"https:\/\/www.bordadosartesanales.com\/ca\/"},{"@type":"ListItem","position":2,"name":"Brodats Santa Teresa"}]},{"@type":"WebSite","@id":"https:\/\/www.bordadosartesanales.com\/#website","url":"https:\/\/www.bordadosartesanales.com\/","name":"Bordados Santa Teresa","description":"Otro sitio realizado con WordPress","potentialAction":[{"@type":"SearchAction","target":{"@type":"EntryPoint","urlTemplate":"https:\/\/www.bordadosartesanales.com\/?s={search_term_string}"},"query-input":"required name=search_term_string"}],"inLanguage":"ca"}]}},"_links":{"self":[{"href":"https:\/\/www.bordadosartesanales.com\/ca\/wp-json\/wp\/v2\/pages\/415"}],"collection":[{"href":"https:\/\/www.bordadosartesanales.com\/ca\/wp-json\/wp\/v2\/pages"}],"about":[{"href":"https:\/\/www.bordadosartesanales.com\/ca\/wp-json\/wp\/v2\/types\/page"}],"author":[{"embeddable":true,"href":"https:\/\/www.bordadosartesanales.com\/ca\/wp-json\/wp\/v2\/users\/1"}],"replies":[{"embeddable":true,"href":"https:\/\/www.bordadosartesanales.com\/ca\/wp-json\/wp\/v2\/comments?post=415"}],"version-history":[{"count":0,"href":"https:\/\/www.bordadosartesanales.com\/ca\/wp-json\/wp\/v2\/pages\/415\/revisions"}],"wp:attachment":[{"href":"https:\/\/www.bordadosartesanales.com\/ca\/wp-json\/wp\/v2\/media?parent=415"}],"curies":[{"name":"wp","href":"https:\/\/api.w.org\/{rel}","templated":true}]}}