{"id":413,"date":"2016-11-28T20:53:47","date_gmt":"2016-11-28T20:53:47","guid":{"rendered":"http:\/\/www.bordadosartesanales.com\/wp\/donde-estamos\/"},"modified":"2016-12-05T17:53:44","modified_gmt":"2016-12-05T16:53:44","slug":"on-estem","status":"publish","type":"page","link":"https:\/\/www.bordadosartesanales.com\/ca\/on-estem\/","title":{"rendered":"On estem?"},"content":{"rendered":"<p>[et_pb_section admin_label=&#8221;section&#8221; fullwidth=&#8221;on&#8221; specialty=&#8221;off&#8221;][et_pb_fullwidth_map admin_label=&#8221;Fullwidth Map&#8221; zoom_level=&#8221;20&#8243; address_lat=&#8221;41.613062491816756&#8243; address_lng=&#8221;0.623790479740709&#8243; address=&#8221;L\u00e9rida, Espa\u00f1a&#8221; mouse_wheel=&#8221;on&#8221; mobile_dragging=&#8221;on&#8221;] [et_pb_map_pin title=&#8221;Bordados Artesanales Santa Teresa&#8221; pin_address=&#8221;Carrer Major, 84, 25007 Lleida, Espa\u00f1a&#8221; pin_address_lat=&#8221;41.613038&#8243; pin_address_lng=&#8221;0.6237873999999692&#8243;] [\/et_pb_map_pin] [\/et_pb_fullwidth_map][\/et_pb_section][et_pb_section admin_label=&#8221;section&#8221; fullwidth=&#8221;off&#8221;][et_pb_row admin_label=&#8221;row&#8221;][et_pb_column type=&#8221;2_3&#8243;][et_pb_contact_form admin_label=&#8221;Contact Form&#8221; captcha=&#8221;off&#8221; title=&#8221;Si ho desitges pots utilitzar aquest formulari per contactar amb nosaltres:&#8221; use_redirect=&#8221;off&#8221; input_border_radius=&#8221;0&#8243; use_border_color=&#8221;off&#8221; border_color=&#8221;#ffffff&#8221; border_style=&#8221;solid&#8221; custom_button=&#8221;off&#8221; button_letter_spacing=&#8221;0&#8243; button_use_icon=&#8221;default&#8221; button_icon_placement=&#8221;right&#8221; button_on_hover=&#8221;on&#8221; button_letter_spacing_hover=&#8221;0&#8243;] [et_pb_contact_field field_title=&#8221;Nom&#8221; field_type=&#8221;input&#8221; field_id=&#8221;Nom&#8221; required_mark=&#8221;on&#8221; fullwidth_field=&#8221;off&#8221; form_field_font_select=&#8221;default&#8221; form_field_font=&#8221;||||&#8221; use_border_color=&#8221;off&#8221; border_style=&#8221;solid&#8221;] [\/et_pb_contact_field][et_pb_contact_field field_title=&#8221;Adre\u00e7a de correu electr\u00f2nic&#8221; field_type=&#8221;email&#8221; field_id=&#8221;Email&#8221; required_mark=&#8221;on&#8221; fullwidth_field=&#8221;off&#8221; form_field_font_select=&#8221;default&#8221; form_field_font=&#8221;||||&#8221; use_border_color=&#8221;off&#8221; border_style=&#8221;solid&#8221;] [\/et_pb_contact_field][et_pb_contact_field field_title=&#8221;Missatge&#8221; field_type=&#8221;text&#8221; field_id=&#8221;Missatge&#8221; required_mark=&#8221;on&#8221; fullwidth_field=&#8221;on&#8221; form_field_font_select=&#8221;default&#8221; form_field_font=&#8221;||||&#8221; use_border_color=&#8221;off&#8221; border_style=&#8221;solid&#8221;] [\/et_pb_contact_field] [\/et_pb_contact_form][\/et_pb_column][et_pb_column type=&#8221;1_3&#8243;][et_pb_text admin_label=&#8221;Text&#8221; background_layout=&#8221;light&#8221; text_orientation=&#8221;left&#8221; use_border_color=&#8221;off&#8221; border_color=&#8221;#ffffff&#8221; border_style=&#8221;solid&#8221;]<\/p>\n<h2>Ens trobar\u00e0s:<\/h2>\n<h4>Carrer Major, 84 \u00b7 25007 Lleida<\/h4>\n<h4>Tel\u00e8fon 973 27 17 52<\/h4>\n<h4><a title=\"info@bordadosartesanales.com\" href=\"mailto:info@bordadosartesanales.com\">info@bordadosartesanales.com<\/a><\/h4>\n<p>[\/et_pb_text][\/et_pb_column][\/et_pb_row][\/et_pb_section]<\/p>\n","protected":false},"excerpt":{"rendered":"<p>Bordados Artesanales Santa Teresa Si ho desitges pots utilitzar aquest formulari per contactar amb nosaltres: Nom Adre\u00e7a de correu electr\u00f2nic Missatge Tramet Ens trobar\u00e0s: Carrer Major, 84 \u00b7 25007 Lleida Tel\u00e8fon 973 27 17 52 info@bordadosartesanales.com<\/p>\n","protected":false},"author":1,"featured_media":0,"parent":0,"menu_order":4,"comment_status":"closed","ping_status":"closed","template":"","meta":{"_et_pb_use_builder":"on","_et_pb_old_content":"","_et_gb_content_width":""},"yoast_head":"<!-- This site is optimized with the Yoast SEO plugin v19.13 - https:\/\/yoast.com\/wordpress\/plugins\/seo\/ -->\n<title>On estem? - Bordados Santa Teresa<\/title>\n<meta name=\"robots\" content=\"index, follow, max-snippet:-1, max-image-preview:large, max-video-preview:-1\" \/>\n<link rel=\"canonical\" href=\"https:\/\/www.bordadosartesanales.com\/ca\/on-estem\/\" \/>\n<meta property=\"og:locale\" content=\"ca_ES\" \/>\n<meta property=\"og:type\" content=\"article\" \/>\n<meta property=\"og:title\" content=\"On estem? - Bordados Santa Teresa\" \/>\n<meta property=\"og:description\" content=\"Bordados Artesanales Santa Teresa Si ho desitges pots utilitzar aquest formulari per contactar amb nosaltres: Nom Adre\u00e7a de correu electr\u00f2nic Missatge Tramet Ens trobar\u00e0s: Carrer Major, 84 \u00b7 25007 Lleida Tel\u00e8fon 973 27 17 52 info@bordadosartesanales.com\" \/>\n<meta property=\"og:url\" content=\"https:\/\/www.bordadosartesanales.com\/ca\/on-estem\/\" \/>\n<meta property=\"og:site_name\" content=\"Bordados Santa Teresa\" \/>\n<meta property=\"article:modified_time\" content=\"2016-12-05T16:53:44+00:00\" \/>\n<meta name=\"twitter:card\" content=\"summary_large_image\" \/>\n<meta name=\"twitter:label1\" content=\"Temps estimat de lectura\" \/>\n\t<meta name=\"twitter:data1\" content=\"2 minuts\" \/>\n<script type=\"application\/ld+json\" class=\"yoast-schema-graph\">{\"@context\":\"https:\/\/schema.org\",\"@graph\":[{\"@type\":\"WebPage\",\"@id\":\"https:\/\/www.bordadosartesanales.com\/ca\/on-estem\/\",\"url\":\"https:\/\/www.bordadosartesanales.com\/ca\/on-estem\/\",\"name\":\"On estem? - Bordados Santa Teresa\",\"isPartOf\":{\"@id\":\"https:\/\/www.bordadosartesanales.com\/#website\"},\"datePublished\":\"2016-11-28T20:53:47+00:00\",\"dateModified\":\"2016-12-05T16:53:44+00:00\",\"breadcrumb\":{\"@id\":\"https:\/\/www.bordadosartesanales.com\/ca\/on-estem\/#breadcrumb\"},\"inLanguage\":\"ca\",\"potentialAction\":[{\"@type\":\"ReadAction\",\"target\":[\"https:\/\/www.bordadosartesanales.com\/ca\/on-estem\/\"]}]},{\"@type\":\"BreadcrumbList\",\"@id\":\"https:\/\/www.bordadosartesanales.com\/ca\/on-estem\/#breadcrumb\",\"itemListElement\":[{\"@type\":\"ListItem\",\"position\":1,\"name\":\"Portada\",\"item\":\"https:\/\/www.bordadosartesanales.com\/ca\/\"},{\"@type\":\"ListItem\",\"position\":2,\"name\":\"On estem?\"}]},{\"@type\":\"WebSite\",\"@id\":\"https:\/\/www.bordadosartesanales.com\/#website\",\"url\":\"https:\/\/www.bordadosartesanales.com\/\",\"name\":\"Bordados Santa Teresa\",\"description\":\"Otro sitio realizado con WordPress\",\"potentialAction\":[{\"@type\":\"SearchAction\",\"target\":{\"@type\":\"EntryPoint\",\"urlTemplate\":\"https:\/\/www.bordadosartesanales.com\/?s={search_term_string}\"},\"query-input\":\"required name=search_term_string\"}],\"inLanguage\":\"ca\"}]}<\/script>\n<!-- \/ Yoast SEO plugin. -->","yoast_head_json":{"title":"On estem? - Bordados Santa Teresa","robots":{"index":"index","follow":"follow","max-snippet":"max-snippet:-1","max-image-preview":"max-image-preview:large","max-video-preview":"max-video-preview:-1"},"canonical":"https:\/\/www.bordadosartesanales.com\/ca\/on-estem\/","og_locale":"ca_ES","og_type":"article","og_title":"On estem? - Bordados Santa Teresa","og_description":"Bordados Artesanales Santa Teresa Si ho desitges pots utilitzar aquest formulari per contactar amb nosaltres: Nom Adre\u00e7a de correu electr\u00f2nic Missatge Tramet Ens trobar\u00e0s: Carrer Major, 84 \u00b7 25007 Lleida Tel\u00e8fon 973 27 17 52 info@bordadosartesanales.com","og_url":"https:\/\/www.bordadosartesanales.com\/ca\/on-estem\/","og_site_name":"Bordados Santa Teresa","article_modified_time":"2016-12-05T16:53:44+00:00","twitter_card":"summary_large_image","twitter_misc":{"Temps estimat de lectura":"2 minuts"},"schema":{"@context":"https:\/\/schema.org","@graph":[{"@type":"WebPage","@id":"https:\/\/www.bordadosartesanales.com\/ca\/on-estem\/","url":"https:\/\/www.bordadosartesanales.com\/ca\/on-estem\/","name":"On estem? - Bordados Santa Teresa","isPartOf":{"@id":"https:\/\/www.bordadosartesanales.com\/#website"},"datePublished":"2016-11-28T20:53:47+00:00","dateModified":"2016-12-05T16:53:44+00:00","breadcrumb":{"@id":"https:\/\/www.bordadosartesanales.com\/ca\/on-estem\/#breadcrumb"},"inLanguage":"ca","potentialAction":[{"@type":"ReadAction","target":["https:\/\/www.bordadosartesanales.com\/ca\/on-estem\/"]}]},{"@type":"BreadcrumbList","@id":"https:\/\/www.bordadosartesanales.com\/ca\/on-estem\/#breadcrumb","itemListElement":[{"@type":"ListItem","position":1,"name":"Portada","item":"https:\/\/www.bordadosartesanales.com\/ca\/"},{"@type":"ListItem","position":2,"name":"On estem?"}]},{"@type":"WebSite","@id":"https:\/\/www.bordadosartesanales.com\/#website","url":"https:\/\/www.bordadosartesanales.com\/","name":"Bordados Santa Teresa","description":"Otro sitio realizado con WordPress","potentialAction":[{"@type":"SearchAction","target":{"@type":"EntryPoint","urlTemplate":"https:\/\/www.bordadosartesanales.com\/?s={search_term_string}"},"query-input":"required name=search_term_string"}],"inLanguage":"ca"}]}},"_links":{"self":[{"href":"https:\/\/www.bordadosartesanales.com\/ca\/wp-json\/wp\/v2\/pages\/413"}],"collection":[{"href":"https:\/\/www.bordadosartesanales.com\/ca\/wp-json\/wp\/v2\/pages"}],"about":[{"href":"https:\/\/www.bordadosartesanales.com\/ca\/wp-json\/wp\/v2\/types\/page"}],"author":[{"embeddable":true,"href":"https:\/\/www.bordadosartesanales.com\/ca\/wp-json\/wp\/v2\/users\/1"}],"replies":[{"embeddable":true,"href":"https:\/\/www.bordadosartesanales.com\/ca\/wp-json\/wp\/v2\/comments?post=413"}],"version-history":[{"count":0,"href":"https:\/\/www.bordadosartesanales.com\/ca\/wp-json\/wp\/v2\/pages\/413\/revisions"}],"wp:attachment":[{"href":"https:\/\/www.bordadosartesanales.com\/ca\/wp-json\/wp\/v2\/media?parent=413"}],"curies":[{"name":"wp","href":"https:\/\/api.w.org\/{rel}","templated":true}]}}